{"id":1129,"date":"2020-06-21T17:20:53","date_gmt":"2020-06-21T08:20:53","guid":{"rendered":"https:\/\/ovhpa.net\/?page_id=1129"},"modified":"2020-06-21T17:20:53","modified_gmt":"2020-06-21T08:20:53","slug":"disclaimer","status":"publish","type":"page","link":"https:\/\/ovhpa.net\/fr\/disclaimer\/","title":{"rendered":"Mentions l\u00e9gales"},"content":{"rendered":"\n<p>Derni\u00e8re modification le 21 juin 2020.<\/p>\n<p><strong>INTRODUCTION<\/strong><\/p>\n<p style=\"text-align: justify;\">L\u2019information fournier par \u00ab\u00a0OVHPA \u2013 High Performance Applications\u00a0\u00bb (ci-apr\u00e8s \u00ab\u00a0nous\u00a0\u00bb, \u00ab\u00a0nos\u00a0\u00bb, ou \u00ab\u00a0notre\u00a0\u00bb) sur https:\/\/www.ovhpa.net ou ovhpa.net (ci-apr\u00e8s le \u00ab\u00a0Site\u00a0\u00bb) l\u2019est dans un but g\u00e9n\u00e9ral informationnel uniquement. Toute information publi\u00e9e sur le Site l\u2019est de bonne foi, cependant nous ne pouvons garantir de fa\u00e7on absolue l\u2019exactitude, l\u2019existence, ou l\u2019exhaustivit\u00e9, directe ou implicite, de chaque information sur le site.<\/p>\n<p style=\"text-align: justify;\">En aucune circonstance nous ne saurions \u00eatre tenus pour responsable de tout pr\u00e9judice, perte, ou dommage, direct ou indirect, du fait de votre utilisation du Site ou d\u2019une information mal utilis\u00e9e ou qui se r\u00e9v\u00e9lerait incorrecte ou incompl\u00e8te. Votre utilisation du Site et de l\u2019information qu\u2019il contient est \u00e0 vos risques et p\u00e9rils.<\/p>\n<p style=\"text-align: justify;\">L\u2019information contenue sur notre Site peut-\u00eatre utilis\u00e9 dans un but strictement personnel \u2013 tout usage commercial ou autre est donc prohib\u00e9, ou doit \u00eatre soumis \u00e0 notre accord explicite.<\/p>\n<p style=\"text-align: left;\">Notre Site est soumis \u00e0 la l\u00e9gislation japonaise.<\/p>\n<p style=\"text-align: left;\">Nous pouvons \u00e0 tout moment modifier ces dispositions sans avertissement.<\/p>\n<p style=\"text-align: left;\"><strong style=\"font-size: inherit;\">LES LIENS EXTERNES<\/strong><\/p>\n<p style=\"text-align: justify;\">Le Site peut contenir, ou vous pouvez \u00eatre envoy\u00e9 depuis des liens sur notre Site \u00e0, d\u2019autres sites internet ; ou des contenus qui appartiennent ou ont pour origine des sites internet tiers ; ou des liens vers des sites ou des fonctionnalit\u00e9s dans des banni\u00e8res ou autre publicit\u00e9s. Ces liens externes ne sont pas examin\u00e9s, ni surveill\u00e9s ou test\u00e9s par nous au regard de l\u2019exactitude, l\u2019existence, ou l\u2019exhaustivit\u00e9, directe ou implicite, des informations qu\u2019ils contiennent.<\/p>\n<p style=\"text-align: justify;\">Nous ne garantissons, n\u2019endossons, ou n\u2019assumons une responsabilit\u00e9 quelconque, \u00e0 propos de l\u2019exactitude, l\u2019existence, ou l\u2019exhaustivit\u00e9, directe ou implicite, des informations contenues dans les autres sites internet ou les sites internet tiers li\u00e9es \u00e0 notre Site, ou les liens vers des sites ou des fonctionnalit\u00e9s dans des banni\u00e8res ou autre publicit\u00e9s. Nous ne prendrons part ni ne serons responsable d\u2019aucune surveillance d\u2019une quelconque transaction entre vous et un fournisseur de produit ou de service tiers.<\/p>\n<p style=\"text-align: justify;\"><strong style=\"font-size: inherit;\">AVERTISSEMENT PROFESSIONNEL<\/strong><\/p>\n<p style=\"text-align: justify;\"><strong>Le Site ne dispense aucun conseil scientifique ou informatique (ou autre).<\/strong> Les informations scientifiques ou informatiques (ou autre) qui sont fournies le sont uniquement dans un but g\u00e9n\u00e9ral informationnel ou \u00e9ducatif et ne se substituent en aucun cas \u00e0 un avis professionnel.<\/p>\n<p style=\"text-align: justify;\">En cons\u00e9quence, avant de prendre une d\u00e9cision bas\u00e9e sur les informations dispens\u00e9es par notre Site, nous vous incitons \u00e0 consulter un professionnel qualifi\u00e9. Nous <i>fournissons<\/i> un service de conseil scientifique ou informatiques, \u00e0 travers notre service de consultation et nos autres activit\u00e9s professionnelles, mais ext\u00e9rieur \u00e0 notre Site. Votre utilisation ou la confiance que vous placez dans les informations contenues dans notre Site est \u00e0 vos risques et p\u00e9rils.<\/p>\n<p style=\"text-align: justify;\"><strong style=\"font-size: inherit;\">AVERTISSEMENT SUR LES T\u00c9MOIGNAGES<\/strong><\/p>\n<p style=\"text-align: justify;\">Le Site peut contenir des t\u00e9moignages d\u2019utilisateurs de nos services. Ces t\u00e9moignages refl\u00e8tent l\u2019exp\u00e9rience r\u00e9elle et les opinions de ces utilisateurs. Cependant ces exp\u00e9riences sont \u00e0 l\u2019appr\u00e9ciation personnelle de ces utilisateurs et ne sont pas forc\u00e9ment repr\u00e9sentatives de tous les utilisateurs de nos produits ou services. Nous ne pr\u00e9tendons pas, et vous ne devez pas pr\u00e9sumer que tous les utilisateurs vont avoir la m\u00eame exp\u00e9rience. Vous r\u00e9sultats individuels peuvent varier.<\/p>\n<p style=\"text-align: justify;\">Les t\u00e9moignages sur le site sont soumis par des m\u00e9thodes diverses, texte, son et\/ou vid\u00e9o, et sont examin\u00e9s par nous avant d\u2019\u00eatre publi\u00e9es. Ils apparaissent sur le Site textuellement comme fournis par les utilisateurs, \u00e0 l\u2019exception de correction orthographiques et grammaticales. Certains t\u00e9moignages peuvent avoir \u00e9t\u00e9 tronqu\u00e9s pour des raisons de concision quand ils contenaient des informations suppl\u00e9mentaires qui ne sont pas d\u2019int\u00e9r\u00eat pour le public.<\/p>\n<p style=\"text-align: justify;\">Les points de vue et les opinions contenues dans ces t\u00e9moignages sont la seule propri\u00e9t\u00e9 des utilisateurs qui les ont \u00e9mis et ne refl\u00e8tent pas forc\u00e9ment nos points de vue et opinions. Sauf mention contraire, les utilisateurs ne re\u00e7oivent aucun payement ou compensation pour leurs t\u00e9moignages.<\/p>\n<p style=\"text-align: justify;\">Les t\u00e9moignages sur le site n\u2019ont pas vocation et ne doivent pas \u00eatre interpr\u00e9t\u00e9s comme des preuves que nos services peuvent \u00eatre utilis\u00e9s pour fournir une quelconque r\u00e9ponse autre que celles qui ont \u00e9t\u00e9 propos\u00e9es directement \u00e0 l\u2019utilisateur qui en t\u00e9moigne, dans son utilisation limit\u00e9e et ponctuelle de nos services.<\/p>\n\n\n\n<p><\/p>\n","protected":false},"excerpt":{"rendered":"<p>Derni\u00e8re modification le 21 juin 2020. INTRODUCTION L\u2019information fournier par \u00ab\u00a0OVHPA \u2013 High Performance Applications\u00a0\u00bb (ci-apr\u00e8s \u00ab\u00a0nous\u00a0\u00bb, \u00ab\u00a0nos\u00a0\u00bb, ou \u00ab\u00a0notre\u00a0\u00bb) sur https:\/\/www.ovhpa.net ou ovhpa.net (ci-apr\u00e8s le \u00ab\u00a0Site\u00a0\u00bb) l\u2019est dans un but g\u00e9n\u00e9ral informationnel uniquement. Toute information publi\u00e9e sur le Site l\u2019est de bonne foi, cependant nous ne pouvons garantir de fa\u00e7on absolue l\u2019exactitude, l\u2019existence, ou &hellip; <\/p>\n<p class=\"link-more\"><a href=\"https:\/\/ovhpa.net\/fr\/disclaimer\/\" class=\"more-link\">Continuer la lecture<span class=\"screen-reader-text\"> de &laquo;&nbsp;Mentions l\u00e9gales&nbsp;&raquo;<\/span><\/a><\/p>\n","protected":false},"author":1,"featured_media":0,"parent":0,"menu_order":0,"comment_status":"closed","ping_status":"closed","template":"","meta":{"_uag_custom_page_level_css":"","_locale":"fr_FR","_original_post":"https:\/\/ovhpa.net\/?page_id=556","footnotes":""},"class_list":["post-1129","page","type-page","status-publish","hentry","fr-FR"],"uagb_featured_image_src":{"full":false,"thumbnail":false,"medium":false,"medium_large":false,"large":false,"1536x1536":false,"2048x2048":false,"twentyseventeen-featured-image":false,"twentyseventeen-thumbnail-avatar":false},"uagb_author_info":{"display_name":"ovhpa","author_link":"https:\/\/ovhpa.net\/author\/ovhpa\/"},"uagb_comment_info":0,"uagb_excerpt":"Derni\u00e8re modification le 21 juin 2020. INTRODUCTION L\u2019information fournier par \u00ab\u00a0OVHPA \u2013 High Performance Applications\u00a0\u00bb (ci-apr\u00e8s \u00ab\u00a0nous\u00a0\u00bb, \u00ab\u00a0nos\u00a0\u00bb, ou \u00ab\u00a0notre\u00a0\u00bb) sur https:\/\/www.ovhpa.net ou ovhpa.net (ci-apr\u00e8s le \u00ab\u00a0Site\u00a0\u00bb) l\u2019est dans un but g\u00e9n\u00e9ral informationnel uniquement. Toute information publi\u00e9e sur le Site l\u2019est de bonne foi, cependant nous ne pouvons garantir de fa\u00e7on absolue l\u2019exactitude, l\u2019existence, ou\u2026","_links":{"self":[{"href":"https:\/\/ovhpa.net\/wp-json\/wp\/v2\/pages\/1129","targetHints":{"allow":["GET"]}}],"collection":[{"href":"https:\/\/ovhpa.net\/wp-json\/wp\/v2\/pages"}],"about":[{"href":"https:\/\/ovhpa.net\/wp-json\/wp\/v2\/types\/page"}],"author":[{"embeddable":true,"href":"https:\/\/ovhpa.net\/wp-json\/wp\/v2\/users\/1"}],"replies":[{"embeddable":true,"href":"https:\/\/ovhpa.net\/wp-json\/wp\/v2\/comments?post=1129"}],"version-history":[{"count":0,"href":"https:\/\/ovhpa.net\/wp-json\/wp\/v2\/pages\/1129\/revisions"}],"wp:attachment":[{"href":"https:\/\/ovhpa.net\/wp-json\/wp\/v2\/media?parent=1129"}],"curies":[{"name":"wp","href":"https:\/\/api.w.org\/{rel}","templated":true}]}}