{"id":770,"date":"2020-06-13T13:04:39","date_gmt":"2020-06-13T04:04:39","guid":{"rendered":"https:\/\/ovhpa.net\/?page_id=770"},"modified":"2020-10-21T18:23:27","modified_gmt":"2020-10-21T09:23:27","slug":"about","status":"publish","type":"page","link":"https:\/\/ovhpa.net\/fr\/about\/","title":{"rendered":"A propos"},"content":{"rendered":"\n<p align=\"justify\">OVHPA \u2013 High Performance Applications est une entreprise cr\u00e9\u00e9e dans le but d\u2019apporter aux sciences th\u00e9oriques les ressources dont elles ont besoin depuis le monde informatique.<\/p>\n<p align=\"justify\">Tout a commenc\u00e9 par une simple observation : l\u2019informatique et les sciences th\u00e9oriques sont deux mondes relativement s\u00e9par\u00e9s. Les scientifiques du premier doivent souvent, \u00e0 cause d\u2019un manque de budget pour employer ceux du second, publier, d\u00e9ployer, optimiser ou analyser du code par eux-m\u00eames !<\/p>\n<p align=\"justify\">Ce constat peut en partie \u00eatre imput\u00e9 au fait que, \u00e0 l\u2019exception des d\u00e9partements informatiques, le d\u00e9veloppement informatique est souvent vu comme un besoin <i>limit\u00e9<\/i> dans le temps du scientifique. Pour faire simple, on s\u2019attend \u00e0 ce que les chercheurs fassent des sciences tout le temps, mais n\u2019utilisent un ordinateur qu\u2019au d\u00e9but (par exemple pour obtenir des r\u00e9sultats) ou \u00e0 la fin (pour les traiter) de leurs travaux.<\/p>\n<p align=\"justify\">Bien \u00e9videment, le fait que ces deux besoins puissent se rejoindre, ou m\u00eame que certains besoins <i>continus<\/i> puissent exister, est trop souvent n\u00e9glig\u00e9.<\/p>\n\n\n\n<p align=\"justify\">Un des buts premiers de OVHPA \u2013 High Performance Applications est donc d\u2019offrir une solution ponctuelle, compatible avec un budget de recherche annuel, tout en offrant un support continu, gr\u00e2ce \u00e0 l\u2019ouverture des codes et la cr\u00e9ation d\u2019une communaut\u00e9 d&rsquo;utilisateur.<\/p>\n\n\n\n<hr class=\"wp-block-separator\"\/>\n\n\n\n<p><span style=\"text-decoration: underline;\">President<\/span><\/p>\n\n\n\n<p align=\"justify\">A. Valencia (AV) est le president de l\u2019entreprise OVHPA \u2013 high Performance Applications.<\/p>\n<p align=\"justify\">AV a suivi des etudes d&rsquo;art \u00e0 Kagoshima, Japon, avant d&rsquo;entreprendre un voyage d&rsquo;etude \u00e0 Vancouver, Canada. Elle travaille ensuite dans les relations en entreprise dans une imprimerie puis dans les media dans une radio dans la prefecture de Kyushu, Japon, avant de prendre la direction de OVHPA.<\/p>\n\n\n\n<p><span style=\"text-decoration: underline;\">Fondateur et developpeur principal<\/span><\/p>\n\n\n\n<blockquote class=\"alignleft\"><figure class=\"wp-block-image size-large is-resized is-style-rounded\">\n<img decoding=\"async\" src=\"https:\/\/ovhpa.net\/wp-content\/uploads\/2020\/06\/ovhpa-300x256.jpg\" alt=\"\" class=\"wp-image-424\" width=\"200\" srcset=\"https:\/\/ovhpa.net\/wp-content\/uploads\/2020\/06\/ovhpa-300x256.jpg 300w, https:\/\/ovhpa.net\/wp-content\/uploads\/2020\/06\/ovhpa-1024x874.jpg 1024w, https:\/\/ovhpa.net\/wp-content\/uploads\/2020\/06\/ovhpa-768x655.jpg 768w, https:\/\/ovhpa.net\/wp-content\/uploads\/2020\/06\/ovhpa.jpg 1200w\" sizes=\"(max-width: 300px) 100vw, 300px\" \/>\n<p class=\"has-text-align-center\">Okadome Valencia<\/p>\n<\/figure><\/blockquote>\n\n\n\n<p align=\"justify\">H. Okadome Valencia (OV) est le fondateur de l\u2019entreprise OVHPA \u2013 high Performance Applications, dans les ann\u00e9es 20 (2020).<\/p>\n<p align=\"justify\">OV a obtenu un master \u00ab\u00a0double comp\u00e9tence\u00a0\u00bb en informatique et chimie th\u00e9orique de l\u2019universit\u00e9 H. Poincar\u00e9, France, en 2003\u00a0; et un doctorat en chimie quantique appliqu\u00e9e de l\u2019universit\u00e9 de Poitiers, France, en 2006.<\/p>\n<p align=\"justify\">Apr\u00e8s une courte p\u00e9riode en France en tant qu\u2019ing\u00e9nieur de recherche en 2007, il rejoint l\u2019AIST \u00e0 Osaka, Japon, comme chercheur. Il occupe ce poste de chercheur au Japon depuis \u00e0 l\u2019AIST (2007~2012), puis l\u2019universite de Kyushu (2012~2017), et enfin l\u2019universit\u00e9 de Nagoya (depuis 2017).<\/p>\n<p style=\"text-align: right;\" align=\"justify\">(plus d&rsquo;info sur son <a href=\"https:\/\/blog.ovhpa.net\/\">blog<\/a>&#8230;)<\/p>\n\n\n\n<p><\/p>\n","protected":false},"excerpt":{"rendered":"<p>OVHPA \u2013 High Performance Applications est une entreprise cr\u00e9\u00e9e dans le but d\u2019apporter aux sciences th\u00e9oriques les ressources dont elles ont besoin depuis le monde informatique. Tout a commenc\u00e9 par une simple observation : l\u2019informatique et les sciences th\u00e9oriques sont deux mondes relativement s\u00e9par\u00e9s. Les scientifiques du premier doivent souvent, \u00e0 cause d\u2019un manque de &hellip; <\/p>\n<p class=\"link-more\"><a href=\"https:\/\/ovhpa.net\/fr\/about\/\" class=\"more-link\">Continuer la lecture<span class=\"screen-reader-text\"> de &laquo;&nbsp;A propos&nbsp;&raquo;<\/span><\/a><\/p>\n","protected":false},"author":1,"featured_media":0,"parent":0,"menu_order":0,"comment_status":"closed","ping_status":"closed","template":"","meta":{"_uag_custom_page_level_css":"","_locale":"fr_FR","_original_post":"http:\/\/34.82.102.159\/?page_id=49","footnotes":""},"class_list":["post-770","page","type-page","status-publish","hentry","fr-FR"],"uagb_featured_image_src":{"full":false,"thumbnail":false,"medium":false,"medium_large":false,"large":false,"1536x1536":false,"2048x2048":false,"twentyseventeen-featured-image":false,"twentyseventeen-thumbnail-avatar":false},"uagb_author_info":{"display_name":"ovhpa","author_link":"https:\/\/ovhpa.net\/author\/ovhpa\/"},"uagb_comment_info":0,"uagb_excerpt":"OVHPA \u2013 High Performance Applications est une entreprise cr\u00e9\u00e9e dans le but d\u2019apporter aux sciences th\u00e9oriques les ressources dont elles ont besoin depuis le monde informatique. Tout a commenc\u00e9 par une simple observation : l\u2019informatique et les sciences th\u00e9oriques sont deux mondes relativement s\u00e9par\u00e9s. Les scientifiques du premier doivent souvent, \u00e0 cause d\u2019un manque de\u2026","_links":{"self":[{"href":"https:\/\/ovhpa.net\/wp-json\/wp\/v2\/pages\/770","targetHints":{"allow":["GET"]}}],"collection":[{"href":"https:\/\/ovhpa.net\/wp-json\/wp\/v2\/pages"}],"about":[{"href":"https:\/\/ovhpa.net\/wp-json\/wp\/v2\/types\/page"}],"author":[{"embeddable":true,"href":"https:\/\/ovhpa.net\/wp-json\/wp\/v2\/users\/1"}],"replies":[{"embeddable":true,"href":"https:\/\/ovhpa.net\/wp-json\/wp\/v2\/comments?post=770"}],"version-history":[{"count":0,"href":"https:\/\/ovhpa.net\/wp-json\/wp\/v2\/pages\/770\/revisions"}],"wp:attachment":[{"href":"https:\/\/ovhpa.net\/wp-json\/wp\/v2\/media?parent=770"}],"curies":[{"name":"wp","href":"https:\/\/api.w.org\/{rel}","templated":true}]}}