{"id":778,"date":"2020-06-13T13:56:22","date_gmt":"2020-06-13T04:56:22","guid":{"rendered":"https:\/\/ovhpa.net\/?page_id=778"},"modified":"2020-10-13T18:24:46","modified_gmt":"2020-10-13T09:24:46","slug":"home","status":"publish","type":"page","link":"https:\/\/ovhpa.net\/","title":{"rendered":"Home"},"content":{"rendered":"\n<p class=\"has-drop-cap has-text-align-left\"><strong>Bienvenue dans le lab High Performance Applications !<\/strong><\/p>\n\n\n\n<p>Notre but est de vous donner l\u2019opportunit\u00e9 d\u2019\u00e9lever vos id\u00e9es \u00e0 de nouveaux horizons. Nous optimiserons vos futures applications pour vos usages sp\u00e9cifiques tout en cr\u00e9ant des interfaces simples pour \u00e9tendre leurs base d&rsquo;utilisateurs.<br \/><br \/><\/p>\n\n\n\n<p><\/p>\n","protected":false},"excerpt":{"rendered":"<p>Bienvenue dans le lab High Performance Applications ! Notre but est de vous donner l\u2019opportunit\u00e9 d\u2019\u00e9lever vos id\u00e9es \u00e0 de nouveaux horizons. Nous optimiserons vos futures applications pour vos usages sp\u00e9cifiques tout en cr\u00e9ant des interfaces simples pour \u00e9tendre leurs base d&rsquo;utilisateurs.<\/p>\n","protected":false},"author":1,"featured_media":663,"parent":0,"menu_order":0,"comment_status":"closed","ping_status":"closed","template":"","meta":{"_uag_custom_page_level_css":"","_locale":"fr_FR","_original_post":"http:\/\/34.82.102.159\/?page_id=56","footnotes":""},"class_list":["post-778","page","type-page","status-publish","has-post-thumbnail","hentry","fr-FR"],"uagb_featured_image_src":{"full":["https:\/\/ovhpa.net\/wp-content\/uploads\/2020\/06\/the_front.jpeg",2000,1019,false],"thumbnail":["https:\/\/ovhpa.net\/wp-content\/uploads\/2020\/06\/the_front-150x150.jpeg",150,150,true],"medium":["https:\/\/ovhpa.net\/wp-content\/uploads\/2020\/06\/the_front-300x153.jpeg",300,153,true],"medium_large":["https:\/\/ovhpa.net\/wp-content\/uploads\/2020\/06\/the_front-768x391.jpeg",525,267,true],"large":["https:\/\/ovhpa.net\/wp-content\/uploads\/2020\/06\/the_front-1024x522.jpeg",525,268,true],"1536x1536":["https:\/\/ovhpa.net\/wp-content\/uploads\/2020\/06\/the_front-1536x783.jpeg",1536,783,true],"2048x2048":["https:\/\/ovhpa.net\/wp-content\/uploads\/2020\/06\/the_front.jpeg",2000,1019,false],"twentyseventeen-featured-image":["https:\/\/ovhpa.net\/wp-content\/uploads\/2020\/06\/the_front.jpeg",2000,1019,false],"twentyseventeen-thumbnail-avatar":["https:\/\/ovhpa.net\/wp-content\/uploads\/2020\/06\/the_front-100x100.jpeg",100,100,true]},"uagb_author_info":{"display_name":"ovhpa","author_link":"https:\/\/ovhpa.net\/author\/ovhpa\/"},"uagb_comment_info":0,"uagb_excerpt":"Bienvenue dans le lab High Performance Applications ! Notre but est de vous donner l\u2019opportunit\u00e9 d\u2019\u00e9lever vos id\u00e9es \u00e0 de nouveaux horizons. Nous optimiserons vos futures applications pour vos usages sp\u00e9cifiques tout en cr\u00e9ant des interfaces simples pour \u00e9tendre leurs base d&rsquo;utilisateurs.","_links":{"self":[{"href":"https:\/\/ovhpa.net\/wp-json\/wp\/v2\/pages\/778","targetHints":{"allow":["GET"]}}],"collection":[{"href":"https:\/\/ovhpa.net\/wp-json\/wp\/v2\/pages"}],"about":[{"href":"https:\/\/ovhpa.net\/wp-json\/wp\/v2\/types\/page"}],"author":[{"embeddable":true,"href":"https:\/\/ovhpa.net\/wp-json\/wp\/v2\/users\/1"}],"replies":[{"embeddable":true,"href":"https:\/\/ovhpa.net\/wp-json\/wp\/v2\/comments?post=778"}],"version-history":[{"count":0,"href":"https:\/\/ovhpa.net\/wp-json\/wp\/v2\/pages\/778\/revisions"}],"wp:featuredmedia":[{"embeddable":true,"href":"https:\/\/ovhpa.net\/wp-json\/wp\/v2\/media\/663"}],"wp:attachment":[{"href":"https:\/\/ovhpa.net\/wp-json\/wp\/v2\/media?parent=778"}],"curies":[{"name":"wp","href":"https:\/\/api.w.org\/{rel}","templated":true}]}}